{"id":3324,"date":"2022-06-22T06:34:53","date_gmt":"2022-06-21T22:34:53","guid":{"rendered":"http:\/\/aaronhao.com\/?page_id=3324"},"modified":"2022-06-22T06:34:53","modified_gmt":"2022-06-21T22:34:53","slug":"peientrepreneur","status":"publish","type":"page","link":"https:\/\/aaronhao.com\/en\/peientrepreneur\/","title":{"rendered":"Prince Edward Island Provincial Nominee Entrepreneur Immigration"},"content":{"rendered":"<p>Prince Edward Island (English: Prince Edward Island; French: \u00cele-du-Prince-\u00c9douard; Scottish Gaelic: Eilean a&#039; Phrionnsa or Eilean E\u00f2in; Mi&#039;kmaq: Apekweit or Epikwetk), referred to as the Province of Prince Edward Island, also often referred to as the Province of Prince Edward Island. Known simply as PEI (often abbreviated in English as: PEI; in French as: \u00ce.-P.-\u00c9.), it is one of the three maritime provinces in eastern Canada. Prince Edward Island has the highest population density in the country, reaching about 25 people per square kilometer (24.47\/km2). In addition, the island is also the 104th largest island in the world (23rd in Canada). The capital is Charlottetown.<\/p>\n\n\n\n<p><strong>Prince Edward Island Provincial Nominee Entrepreneur Immigration<\/strong><\/p>\n\n\n\n<p>Applicant\u2019s minimum family net worth: 600,000<br>Minimum investment amount: 150,000<br>Minimum English level: CLB4<br>Minimum number of jobs created: 1<br>Minimum operating time requirement before submitting provincial nomination: 12 months<\/p>","protected":false},"excerpt":{"rendered":"<p>Prince Edward Island (English: Prince Edward Island; French: \u00cele-du-Prince-\u00c9douar\u2026 <a href=\"https:\/\/aaronhao.com\/en\/peientrepreneur\/\" class=\"more-link\">Continue reading <span class=\"screen-reader-text\">Prince Edward Island Provincial Nominee Entrepreneur Immigration<\/span> <span class=\"meta-nav\">\u2192<\/span><\/a><\/p>","protected":false},"author":1,"featured_media":3325,"parent":0,"menu_order":0,"comment_status":"closed","ping_status":"closed","template":"","meta":{"om_disable_all_campaigns":false,"_monsterinsights_skip_tracking":false,"_monsterinsights_sitenote_active":false,"_monsterinsights_sitenote_note":"","_monsterinsights_sitenote_category":0,"jetpack_post_was_ever_published":false,"footnotes":""},"class_list":["post-3324","page","type-page","status-publish","has-post-thumbnail","hentry"],"jetpack_sharing_enabled":true,"jetpack_shortlink":"https:\/\/wp.me\/P9D525-RC","_links":{"self":[{"href":"https:\/\/aaronhao.com\/en\/wp-json\/wp\/v2\/pages\/3324","targetHints":{"allow":["GET"]}}],"collection":[{"href":"https:\/\/aaronhao.com\/en\/wp-json\/wp\/v2\/pages"}],"about":[{"href":"https:\/\/aaronhao.com\/en\/wp-json\/wp\/v2\/types\/page"}],"author":[{"embeddable":true,"href":"https:\/\/aaronhao.com\/en\/wp-json\/wp\/v2\/users\/1"}],"replies":[{"embeddable":true,"href":"https:\/\/aaronhao.com\/en\/wp-json\/wp\/v2\/comments?post=3324"}],"version-history":[{"count":1,"href":"https:\/\/aaronhao.com\/en\/wp-json\/wp\/v2\/pages\/3324\/revisions"}],"predecessor-version":[{"id":3326,"href":"https:\/\/aaronhao.com\/en\/wp-json\/wp\/v2\/pages\/3324\/revisions\/3326"}],"wp:featuredmedia":[{"embeddable":true,"href":"https:\/\/aaronhao.com\/en\/wp-json\/wp\/v2\/media\/3325"}],"wp:attachment":[{"href":"https:\/\/aaronhao.com\/en\/wp-json\/wp\/v2\/media?parent=3324"}],"curies":[{"name":"wp","href":"https:\/\/api.w.org\/{rel}","templated":true}]}}